{"id":411,"date":"2020-11-17T14:53:47","date_gmt":"2020-11-17T14:53:47","guid":{"rendered":"http:\/\/grupocyc.es\/?page_id=411"},"modified":"2023-01-20T15:53:11","modified_gmt":"2023-01-20T15:53:11","slug":"wifi-jedula","status":"publish","type":"page","link":"https:\/\/grupocyc.es\/en\/wifi-jedula\/","title":{"rendered":"Wifi Jedula"},"content":{"rendered":"<h2>Todas las tarifas disponibles de fibra, wifi, m\u00f3vil y tel\u00e9fono en J\u00e9dula<\/h2>\n<h3>\n\t\t\t\t\t\t\tTARIFAS DE WIFI<br \/>\n\t\t\t\t\t<\/h3>\n<h3>WIFI 6<\/h3>\n<p>\t\t\t\t\t\t\t\t\t\t\t\t\t\t\t\t\t12,45<br \/>\n\t\t\t\t&#8364;<br \/>\n\t\t\t\t\t\t\t\t\tMes\t\t\t\t\t\t\t<\/p>\n<ul>\n<li>\n\t\t\t\t\t\t\t\t\t\t2 MB de SUBIDA\n\t\t\t\t\t\t<\/li>\n<li>\n\t\t\t\t\t\t\t\t\t\t6 MB de DESCARGA\n\t\t\t\t\t\t<\/li>\n<li>\n\t\t\t\t\t\t\t\t\t\tRourter y alta GRATIS\n\t\t\t\t\t\t<\/li>\n<\/ul>\n<p>\t\t\t\t\t\t\t\t\t\t\t<a href=\"https:\/\/api.whatsapp.com\/send?phone=34683500931\">Me Interesa<\/a><\/p>\n<h3>WIFI 8<\/h3>\n<p>\t\t\t\t\t\t\t\t\t\t\t\t\t\t\t\t\t15,45<br \/>\n\t\t\t\t&#8364;<br \/>\n\t\t\t\t\t\t\t\t\tMes\t\t\t\t\t\t\t<\/p>\n<ul>\n<li>\n\t\t\t\t\t\t\t\t\t\t4 MB de SUBIDA\n\t\t\t\t\t\t<\/li>\n<li>\n\t\t\t\t\t\t\t\t\t\t8 MB de DESCARGA\n\t\t\t\t\t\t<\/li>\n<li>\n\t\t\t\t\t\t\t\t\t\tRourter y alta GRATIS\n\t\t\t\t\t\t<\/li>\n<\/ul>\n<p>\t\t\t\t\t\t\t\t\t\t\t<a href=\"https:\/\/api.whatsapp.com\/send?phone=34683500931\">Me Interesa<\/a><br \/>\n\t\t\t\tPopular<\/p>\n<h3>WIFI 10<\/h3>\n<p>\t\t\t\t\t\t\t\t\t\t\t\t\t\t\t\t\t18,45<br \/>\n\t\t\t\t&#8364;<br \/>\n\t\t\t\t\t\t\t\t\tMes\t\t\t\t\t\t\t<\/p>\n<ul>\n<li>\n\t\t\t\t\t\t\t\t\t\t5 MB de SUBIDA\n\t\t\t\t\t\t<\/li>\n<li>\n\t\t\t\t\t\t\t\t\t\t10 MB de DESCARGA\n\t\t\t\t\t\t<\/li>\n<li>\n\t\t\t\t\t\t\t\t\t\tRourter y alta GRATIS\n\t\t\t\t\t\t<\/li>\n<\/ul>\n<p>\t\t\t\t\t\t\t\t\t\t\t<a href=\"https:\/\/api.whatsapp.com\/send?phone=34683500931\">Me Interesa<\/a><br \/>\n\t\t\tRecuerda<br \/>\n\t\t\t\t\t\t\tSi ya tienes nuestra Fibra \u00d3ptica por solo 8 \u20ac\/mes mas tienes 1000 minutos a fijos y m\u00f3viles nacionales.<\/p>\n<h2 style=\"text-align: center;\">Si tienes alguna duda no dudes en ponerse en contacto con nosotros.<\/h2>\n<p>\t\t\t\t\t\t\t\tShare on facebook<br \/>\n\t\t\t\t\t\t\t\t\t\tFacebook<br \/>\n\t\t\t\t\t\t\t\tShare on twitter<br \/>\n\t\t\t\t\t\t\t\t\t\tTwitter<br \/>\n\t\t\t\t\t\t\t\tShare on linkedin<br \/>\n\t\t\t\t\t\t\t\t\t\tLinkedIn\t\t\t\t\t\t\t\t\t<\/p>\n<h2 style=\"text-align: center;\">Nuestras Oficinas:<\/h2>\n<p>\t\t\t<iframe frameborder=\"0\" scrolling=\"no\" marginheight=\"0\" marginwidth=\"0\"\n\t\t\t\t\tsrc=\"https:\/\/maps.google.com\/maps?q=Avenida%20principe%20de%20asturias%203%20jedula&#038;t=m&#038;z=17&#038;output=embed&#038;iwloc=near\"\n\t\t\t\t\ttitle=\"Avenida principe de asturias 3 jedula\"\n\t\t\t\t\taria-label=\"Avenida principe de asturias 3 jedula\"\n\t\t\t><\/iframe><br \/>\n\t\t\t<iframe frameborder=\"0\" scrolling=\"no\" marginheight=\"0\" marginwidth=\"0\"\n\t\t\t\t\tsrc=\"https:\/\/maps.google.com\/maps?q=Montellano%2C%20matahacas%2040&#038;t=m&#038;z=18&#038;output=embed&#038;iwloc=near\"\n\t\t\t\t\ttitle=\"Montellano, matahacas 40\"\n\t\t\t\t\taria-label=\"Montellano, matahacas 40\"\n\t\t\t><\/iframe><br \/>\n\t\t\t<iframe frameborder=\"0\" scrolling=\"no\" marginheight=\"0\" marginwidth=\"0\"\n\t\t\t\t\tsrc=\"https:\/\/maps.google.com\/maps?q=Puerto%20Serrano%2C%20Corrales%2015&#038;t=m&#038;z=18&#038;output=embed&#038;iwloc=near\"\n\t\t\t\t\ttitle=\"Puerto Serrano, Corrales 15\"\n\t\t\t\t\taria-label=\"Puerto Serrano, Corrales 15\"\n\t\t\t><\/iframe><\/p>\n<p style=\"text-align: center;\">OFICINA DE J\u00c9DULA<\/p>\n<ul>\n<li>Avd. Principe de asturias, 3 local 2 \u2013 C.P. 11620 J\u00e9dula (C\u00e1diz)<\/li>\n<li>Tel\u00e9f: 856 620 090<\/li>\n<li>M\u00f3vil y Whatsapp: 683 500 931<\/li>\n<li>E-Mail: info@grupocyc.es<\/li>\n<\/ul>\n<p style=\"text-align: center;\">OFICINA DE MONTELLANO<\/p>\n<ul>\n<li>C\/ Matahacas, 40 \u2013 C.P. 41770 Montellano (Sevilla)<\/li>\n<li>Tel\u00e9f: 954 87 53 47 \u00b7 955 31 45 69<\/li>\n<li>M\u00f3vil y Whatsapp: 683 500 931<\/li>\n<li>E-Mail: info@grupocyc.es<\/li>\n<\/ul>\n<p style=\"text-align: center;\">OFICINA DE PUERTO SERRANO<\/p>\n<ul>\n<li>C\/ Corrales, 15 \u2013 C.P. 11659 Puerto Serrano (C\u00e1diz)<\/li>\n<li>Tel\u00e9f: 955 440 488<\/li>\n<li>M\u00f3vil y Whatsapp: 633 897 086<\/li>\n<li>E-Mail: info@grupocyc.es<\/li>\n<\/ul>","protected":false},"excerpt":{"rendered":"<p>Todas las tarifas disponibles de fibra, wifi, m\u00f3vil y tel\u00e9fono en J\u00e9dula TARIFAS DE WIFI WIFI 6 12,45 &#8364; Mes 2 MB de SUBIDA 6 MB de DESCARGA Rourter y&#8230;<\/p>","protected":false},"author":1,"featured_media":0,"parent":0,"menu_order":0,"comment_status":"closed","ping_status":"closed","template":"","meta":{"_joinchat":[],"footnotes":""},"class_list":["post-411","page","type-page","status-publish"],"_links":{"self":[{"href":"https:\/\/grupocyc.es\/en\/wp-json\/wp\/v2\/pages\/411","targetHints":{"allow":["GET"]}}],"collection":[{"href":"https:\/\/grupocyc.es\/en\/wp-json\/wp\/v2\/pages"}],"about":[{"href":"https:\/\/grupocyc.es\/en\/wp-json\/wp\/v2\/types\/page"}],"author":[{"embeddable":true,"href":"https:\/\/grupocyc.es\/en\/wp-json\/wp\/v2\/users\/1"}],"replies":[{"embeddable":true,"href":"https:\/\/grupocyc.es\/en\/wp-json\/wp\/v2\/comments?post=411"}],"version-history":[{"count":0,"href":"https:\/\/grupocyc.es\/en\/wp-json\/wp\/v2\/pages\/411\/revisions"}],"wp:attachment":[{"href":"https:\/\/grupocyc.es\/en\/wp-json\/wp\/v2\/media?parent=411"}],"curies":[{"name":"wp","href":"https:\/\/api.w.org\/{rel}","templated":true}]}}