{"id":263,"date":"2020-04-09T20:04:57","date_gmt":"2020-04-09T20:04:57","guid":{"rendered":"https:\/\/grupocyc.es\/?page_id=263"},"modified":"2024-01-15T18:11:02","modified_gmt":"2024-01-15T18:11:02","slug":"aviso-legal-y-lopd","status":"publish","type":"page","link":"https:\/\/grupocyc.es\/en\/aviso-legal-y-lopd\/","title":{"rendered":"Aviso Legal y LOPD"},"content":{"rendered":"<p>AVISO LEGAL<\/p>\r\n\r\n\r\n\r\n<p>El acceso y\/o uso del sitio web de Grupo CyC atribuye a quien lo realiza la condici\u00f3n de usuario, aceptando las presentes condiciones en relaci\u00f3n con determinados servicios y contenidos de la web.<\/p>\r\n\r\n\r\n\r\n<p>USO Y RESPONSABILIDADES<\/p>\r\n\r\n\r\n\r\n<p>Grupo CyC proporciona a los usuarios el acceso a diversas informaciones, servicios y datos, puestos a su disposici\u00f3n. El usuario asume su responsabilidad en el uso correcto de la web, sus servicios y contenidos sin contravenir la legislaci\u00f3n vigente, la buena fe, los usos generalmente aceptados y el orden p\u00fablico.<\/p>\r\n\r\n\r\n\r\n<p>EXCLUSION DE GARANTIAS Y ENLACES<\/p>\r\n\r\n\r\n\r\n<p>En el caso de que en la web se dispusiesen enlaces o hiperv\u00ednculos hac\u00eda otros sitios de Internet, Grupo CyC no ejercer\u00e1 ning\u00fan tipo de control sobre dichos sitios y contenidos. En ning\u00fan caso Grupo CyC asumir\u00e1 responsabilidad alguna por los contenidos de alg\u00fan enlace perteneciente a un sitio web ajeno.<\/p>\r\n\r\n\r\n\r\n<p>MODIFICACIONES<\/p>\r\n\r\n\r\n\r\n<p>El acceso a esta web o su utilizaci\u00f3n en cualquier forma implica la aceptaci\u00f3n de todas y cada uno de los presentes T\u00e9rminos Legales, reserv\u00e1ndose Grupo CyC el derecho a modificarlos en cualquier momento sin previo aviso. En consecuencia, ser\u00e1 responsabilidad de todo visitante y\/o Usuario, la atenta lectura de los T\u00e9rminos Legales de uso vigente en cada una de las ocasiones en que acceda a este sitio Web, por lo que si \u00e9ste no est\u00e1 de acuerdo con cualquiera de los mismos aqu\u00ed dispuestos, deber\u00e1 abstenerse respecto al uso de la presente p\u00e1gina Web.<\/p>\r\n\r\n\r\n\r\n<p>PROPIEDAD INTELECTUAL E INDUSTRIAL<\/p>\r\n\r\n\r\n\r\n<p>En virtud de lo dispuesto en los art\u00edculos 8 y 32.1, p\u00e1rrafo segundo, de la Ley de Propiedad Intelectual, quedan expresamente prohibidas la reproducci\u00f3n, la distribuci\u00f3n y la comunicaci\u00f3n p\u00fablica, incluida su modalidad de puesta a disposici\u00f3n, de la totalidad o parte de los contenidos de esta p\u00e1gina web, con fines comerciales, en cualquier soporte y por cualquier medio t\u00e9cnico, sin la autorizaci\u00f3n de Grupo CyC.<\/p>\r\n\r\n\r\n\r\n<p>POL\u00cdTICA DE PRIVACIDAD<\/p>\r\n\r\n\r\n\r\n<p>En cumplimiento de la Ley 15\/99 LOPD, le informamos que sus datos personales y dem\u00e1s informaci\u00f3n facilitada mediante el formulario de presupuestos, as\u00ed como la procedente de las transacciones realizadas, ser\u00e1 incluida y conservada en un fichero para su tratamiento, propiedad de Grupo CyC, mientras no se solicite su cancelaci\u00f3n.<\/p>\r\n\r\n\r\n\r\n<p>El tratamiento se destinar\u00e1 al proceso de la venta, a la atenci\u00f3n personalizada de los productos y servicios que adquiera, a la mejora de dicha atenci\u00f3n, as\u00ed como a la promoci\u00f3n de productos y servicios. Asimismo, se le informa que en ning\u00fan caso sus datos ser\u00e1n puestos a disposici\u00f3n de terceras personas.<\/p>\r\n\r\n\r\n\r\n<p>El usuario autoriza expresamente a Grupo CyC la remisi\u00f3n, incluso a trav\u00e9s de medios electr\u00f3nicos por parte de Grupo CyC de comunicaciones comerciales y ofertas y concursos promocionales.<\/p>\r\n\r\n\r\n\r\n<p>El Usuario podr\u00e1 ejercer en cualquier momento los derechos de acceso, rectificaci\u00f3n, oposici\u00f3n o cancelaci\u00f3n dirigi\u00e9ndose a Grupo CyC mediante correo electr\u00f3nico dirigido a info@grupocyc.es o en los tel\u00e9fonos 954 87 53 47 (Montellano) \u00b7 856 620 090 (J\u00e9dula) o Tel\u00e9fono M\u00f3vil y Whatsapp: 683 500 931.<\/p>\r\n<p>&nbsp;<\/p>\r\n<p>&nbsp;<\/p>","protected":false},"excerpt":{"rendered":"<p>AVISO LEGAL El acceso y\/o uso del sitio web de Grupo CyC atribuye a quien lo realiza la condici\u00f3n de usuario, aceptando las presentes condiciones en relaci\u00f3n con determinados servicios&#8230;<\/p>","protected":false},"author":1,"featured_media":0,"parent":0,"menu_order":0,"comment_status":"closed","ping_status":"closed","template":"","meta":{"_joinchat":[],"footnotes":""},"class_list":["post-263","page","type-page","status-publish"],"_links":{"self":[{"href":"https:\/\/grupocyc.es\/en\/wp-json\/wp\/v2\/pages\/263","targetHints":{"allow":["GET"]}}],"collection":[{"href":"https:\/\/grupocyc.es\/en\/wp-json\/wp\/v2\/pages"}],"about":[{"href":"https:\/\/grupocyc.es\/en\/wp-json\/wp\/v2\/types\/page"}],"author":[{"embeddable":true,"href":"https:\/\/grupocyc.es\/en\/wp-json\/wp\/v2\/users\/1"}],"replies":[{"embeddable":true,"href":"https:\/\/grupocyc.es\/en\/wp-json\/wp\/v2\/comments?post=263"}],"version-history":[{"count":1,"href":"https:\/\/grupocyc.es\/en\/wp-json\/wp\/v2\/pages\/263\/revisions"}],"predecessor-version":[{"id":5517,"href":"https:\/\/grupocyc.es\/en\/wp-json\/wp\/v2\/pages\/263\/revisions\/5517"}],"wp:attachment":[{"href":"https:\/\/grupocyc.es\/en\/wp-json\/wp\/v2\/media?parent=263"}],"curies":[{"name":"wp","href":"https:\/\/api.w.org\/{rel}","templated":true}]}}